{"id":35,"date":"2021-03-22T06:01:42","date_gmt":"2021-03-22T06:01:42","guid":{"rendered":"https:\/\/bizbergthemes.com\/oh-my-blog-lite\/?page_id=35"},"modified":"2025-06-17T15:19:28","modified_gmt":"2025-06-17T13:19:28","slug":"about-us","status":"publish","type":"page","link":"https:\/\/hybritec.fr\/index.php\/about-us\/","title":{"rendered":"A propos de nous"},"content":{"rendered":"\n<div class=\"wp-block-group is-nowrap is-layout-flex wp-container-core-group-is-layout-ad2f72ca wp-block-group-is-layout-flex\">\n<blockquote class=\"wp-block-quote is-style-plain is-layout-flow wp-block-quote-is-layout-flow\">\n<div class=\"wp-block-group is-nowrap is-layout-flex wp-container-core-group-is-layout-ad2f72ca wp-block-group-is-layout-flex\">\n<figure class=\"wp-block-image size-large is-style-rounded\"><img loading=\"lazy\" decoding=\"async\" width=\"1024\" height=\"683\" src=\"https:\/\/hybritec.fr\/wp-content\/uploads\/2021\/10\/Antoine-1024x683.jpg\" alt=\"\" class=\"wp-image-251\" srcset=\"https:\/\/hybritec.fr\/wp-content\/uploads\/2021\/10\/Antoine-1024x683.jpg 1024w, https:\/\/hybritec.fr\/wp-content\/uploads\/2021\/10\/Antoine-300x200.jpg 300w, https:\/\/hybritec.fr\/wp-content\/uploads\/2021\/10\/Antoine-768x512.jpg 768w, https:\/\/hybritec.fr\/wp-content\/uploads\/2021\/10\/Antoine-1536x1024.jpg 1536w, https:\/\/hybritec.fr\/wp-content\/uploads\/2021\/10\/Antoine-2048x1365.jpg 2048w\" sizes=\"auto, (max-width: 1024px) 100vw, 1024px\" \/><\/figure>\n\n\n\n<p>Fort de plus de 18 ann\u00e9es d&rsquo;exp\u00e9rience, notamment dans l&rsquo;installation &amp; maintenance d&rsquo;automates \/ robots destin\u00e9s aux pharmacies, Hybritec est une entreprise d&rsquo;installation et maintenance de syst\u00e8mes automatis\u00e9s \u00e0 architecture complexe.<br>G\u00e9rant<\/p>\n<\/div>\n<\/blockquote>\n<\/div>\n\n\n\n<div class=\"wp-block-columns is-layout-flex wp-container-core-columns-is-layout-9d6595d7 wp-block-columns-is-layout-flex\">\n<div class=\"wp-block-column is-layout-flow wp-block-column-is-layout-flow\" style=\"flex-basis:100%\"><\/div>\n<\/div>\n\n\n<div class=\"wp-block-image\">\n<figure class=\"aligncenter size-large\"><img loading=\"lazy\" decoding=\"async\" width=\"724\" height=\"1024\" src=\"https:\/\/hybritec.fr\/wp-content\/uploads\/2025\/06\/service-proposes-724x1024.png\" alt=\"\" class=\"wp-image-10060\" srcset=\"https:\/\/hybritec.fr\/wp-content\/uploads\/2025\/06\/service-proposes-724x1024.png 724w, https:\/\/hybritec.fr\/wp-content\/uploads\/2025\/06\/service-proposes-212x300.png 212w, https:\/\/hybritec.fr\/wp-content\/uploads\/2025\/06\/service-proposes-768x1086.png 768w, https:\/\/hybritec.fr\/wp-content\/uploads\/2025\/06\/service-proposes-1086x1536.png 1086w, https:\/\/hybritec.fr\/wp-content\/uploads\/2025\/06\/service-proposes.png 1414w\" sizes=\"auto, (max-width: 724px) 100vw, 724px\" \/><\/figure>\n<\/div>","protected":false},"excerpt":{"rendered":"<p>Fort de plus de 18 ann\u00e9es d&rsquo;exp\u00e9rience, notamment dans l&rsquo;installation &amp; maintenance d&rsquo;automates \/ robots destin\u00e9s aux pharmacies, Hybritec est une entreprise d&rsquo;installation et maintenance de syst\u00e8mes automatis\u00e9s \u00e0 architecture complexe.G\u00e9rant<\/p>\n","protected":false},"author":1,"featured_media":0,"parent":0,"menu_order":0,"comment_status":"closed","ping_status":"closed","template":"","meta":{"footnotes":""},"class_list":["post-35","page","type-page","status-publish","hentry"],"_links":{"self":[{"href":"https:\/\/hybritec.fr\/index.php\/wp-json\/wp\/v2\/pages\/35","targetHints":{"allow":["GET"]}}],"collection":[{"href":"https:\/\/hybritec.fr\/index.php\/wp-json\/wp\/v2\/pages"}],"about":[{"href":"https:\/\/hybritec.fr\/index.php\/wp-json\/wp\/v2\/types\/page"}],"author":[{"embeddable":true,"href":"https:\/\/hybritec.fr\/index.php\/wp-json\/wp\/v2\/users\/1"}],"replies":[{"embeddable":true,"href":"https:\/\/hybritec.fr\/index.php\/wp-json\/wp\/v2\/comments?post=35"}],"version-history":[{"count":23,"href":"https:\/\/hybritec.fr\/index.php\/wp-json\/wp\/v2\/pages\/35\/revisions"}],"predecessor-version":[{"id":10061,"href":"https:\/\/hybritec.fr\/index.php\/wp-json\/wp\/v2\/pages\/35\/revisions\/10061"}],"wp:attachment":[{"href":"https:\/\/hybritec.fr\/index.php\/wp-json\/wp\/v2\/media?parent=35"}],"curies":[{"name":"wp","href":"https:\/\/api.w.org\/{rel}","templated":true}]}}